{"id":18,"date":"2024-10-16T08:54:38","date_gmt":"2024-10-16T08:54:38","guid":{"rendered":"https:\/\/vano.fi\/?page_id=18"},"modified":"2025-10-09T18:50:49","modified_gmt":"2025-10-09T16:50:49","slug":"vano","status":"publish","type":"page","link":"https:\/\/vano.fi\/fi\/","title":{"rendered":"V\u00e4n\u00f6"},"content":{"rendered":"<p>[et_pb_section fb_built=&#8221;1&#8243; disabled_on=&#8221;on|on|off&#8221; _builder_version=&#8221;4.27.4&#8243; _module_preset=&#8221;default&#8221; background_image=&#8221;https:\/\/vano.fi\/wp-content\/uploads\/2024\/10\/Vano-ilmasta-Manu-Sund-3.jpg&#8221; parallax=&#8221;on&#8221; height=&#8221;600px&#8221; custom_padding=&#8221;66px||116px|||&#8221; border_width_all=&#8221;10px&#8221; border_color_all=&#8221;#FFFFFF&#8221; border_width_top=&#8221;0px&#8221; border_width_bottom=&#8221;0px&#8221; global_colors_info=&#8221;{}&#8221;][et_pb_row _builder_version=&#8221;4.27.2&#8243; _module_preset=&#8221;default&#8221; positioning=&#8221;absolute&#8221; position_origin_a=&#8221;center_center&#8221; global_colors_info=&#8221;{}&#8221;][et_pb_column type=&#8221;4_4&#8243; _builder_version=&#8221;4.27.2&#8243; _module_preset=&#8221;default&#8221; global_colors_info=&#8221;{}&#8221;][et_pb_text _builder_version=&#8221;4.27.2&#8243; _module_preset=&#8221;default&#8221; header_font_size=&#8221;90px&#8221; position_origin_f=&#8221;center_center&#8221; text_orientation=&#8221;center&#8221; background_layout=&#8221;dark&#8221; width=&#8221;100%&#8221; header_text_shadow_style=&#8221;preset1&#8243; global_colors_info=&#8221;{}&#8221;]<\/p>\n<h1>Tervetuloa V\u00e4n\u00f6n saarelle!<\/h1>\n<p>[\/et_pb_text][\/et_pb_column][\/et_pb_row][et_pb_row _builder_version=&#8221;4.27.4&#8243; _module_preset=&#8221;default&#8221; positioning=&#8221;absolute&#8221; position_origin_a=&#8221;bottom_center&#8221; position_origin_r=&#8221;bottom_right&#8221; global_colors_info=&#8221;{}&#8221;][et_pb_column type=&#8221;4_4&#8243; _builder_version=&#8221;4.27.4&#8243; _module_preset=&#8221;default&#8221; global_colors_info=&#8221;{}&#8221;][et_pb_text _builder_version=&#8221;4.27.4&#8243; _module_preset=&#8221;default&#8221; text_orientation=&#8221;right&#8221; background_layout=&#8221;dark&#8221; global_colors_info=&#8221;{}&#8221;]<\/p>\n<p>Kuva: Manu Sund<\/p>\n<p>[\/et_pb_text][\/et_pb_column][\/et_pb_row][\/et_pb_section][et_pb_section fb_built=&#8221;1&#8243; _builder_version=&#8221;4.27.2&#8243; _module_preset=&#8221;default&#8221; background_enable_color=&#8221;off&#8221; custom_margin=&#8221;-4px|||||&#8221; custom_padding=&#8221;22px||4px|||&#8221; global_colors_info=&#8221;{}&#8221;][et_pb_row disabled_on=&#8221;on|on|off&#8221; _builder_version=&#8221;4.27.2&#8243; _module_preset=&#8221;default&#8221; width=&#8221;60%&#8221; custom_padding=&#8221;18px||28px|||&#8221; global_colors_info=&#8221;{}&#8221;][et_pb_column type=&#8221;4_4&#8243; _builder_version=&#8221;4.27.2&#8243; _module_preset=&#8221;default&#8221; global_colors_info=&#8221;{}&#8221;][et_pb_text _builder_version=&#8221;4.27.3&#8243; _module_preset=&#8221;default&#8221; text_text_color=&#8221;#000000&#8243; text_font_size=&#8221;16px&#8221; text_orientation=&#8221;center&#8221; global_colors_info=&#8221;{}&#8221;]<\/p>\n<p><strong>V\u00e4n\u00f6<\/strong> on luonnonkaunis saari Kemi\u00f6nsaaren ulkosaaristossa, jossa yhdistyv\u00e4t ainutlaatuinen saaristoluonto ja perinteinen kalastajakyl\u00e4n tunnelma. Saaren sile\u00e4t kalliot, luontopolut, hiekkaranta ja vehre\u00e4t niityt kutsuvat kiireett\u00f6m\u00e4\u00e4n luonnosta nauttimiseen. Kanervanummet, laiduntavat lampaat ja vanha merenkulkijakappeli kertovat saariston pitk\u00e4st\u00e4 historiasta ja el\u00e4v\u00e4st\u00e4 kulttuurista.<\/p>\n<p>Saaressa on ymp\u00e4rivuotisesti vain noin 10 asukasta, mutta kes\u00e4isin V\u00e4n\u00f6 her\u00e4\u00e4 eloon, kun vapaa-ajanviett\u00e4j\u00e4t ja saaristoluonnon ihailijat saapuvat nauttimaan saaren ainutlaatuisesta tunnelmasta. V\u00e4n\u00f6n saaristoon kuuluu noin 150 pienemp\u00e4\u00e4 saarta, joista moni toimii kes\u00e4kotina.<\/p>\n<p>Vaikka kes\u00e4 on saaren vilkkainta aikaa, my\u00f6s talven rauha on vertaansa vailla \u2013 saaristomaisema tarjoaa upean pakopaikan arjen kiireist\u00e4 kaikkina vuodenaikoina.<\/p>\n<p>Lis\u00e4tietoa V\u00e4n\u00f6st\u00e4, saariyhdistys <strong>V\u00e4n\u00f6 V\u00e4nner ry<\/strong>:n toiminnasta ja saaren tapahtumista l\u00f6yd\u00e4t t\u00e4lt\u00e4 verkkosivuilta. Tervetuloa kokemaan aito ulkosaaristo!<\/p>\n<p>[\/et_pb_text][\/et_pb_column][\/et_pb_row][et_pb_row disabled_on=&#8221;off|off|on&#8221; _builder_version=&#8221;4.27.2&#8243; _module_preset=&#8221;default&#8221; width=&#8221;90%&#8221; custom_padding=&#8221;18px||28px|||&#8221; global_colors_info=&#8221;{}&#8221;][et_pb_column type=&#8221;4_4&#8243; _builder_version=&#8221;4.27.2&#8243; _module_preset=&#8221;default&#8221; global_colors_info=&#8221;{}&#8221;][et_pb_image src=&#8221;https:\/\/vano.fi\/wp-content\/uploads\/2024\/10\/Vano-ilmasta-Manu-Sund-3.jpg&#8221; title_text=&#8221;Va\u0308no\u0308 ilmasta Manu Sund&#8221; _builder_version=&#8221;4.27.2&#8243; _module_preset=&#8221;default&#8221; custom_margin=&#8221;||2px|||&#8221; global_colors_info=&#8221;{}&#8221;][\/et_pb_image][et_pb_text _builder_version=&#8221;4.27.4&#8243; _module_preset=&#8221;default&#8221; text_font_size=&#8221;10px&#8221; text_orientation=&#8221;right&#8221; global_colors_info=&#8221;{}&#8221;]<\/p>\n<p>Kuva: Manu Sund<\/p>\n<p>[\/et_pb_text][et_pb_text _builder_version=&#8221;4.27.2&#8243; _module_preset=&#8221;default&#8221; text_text_color=&#8221;#000000&#8243; text_font_size=&#8221;16px&#8221; text_orientation=&#8221;center&#8221; global_colors_info=&#8221;{}&#8221;]<\/p>\n<h1><strong>Tervetuloa V\u00e4n\u00f6n saarelle!<\/strong><\/h1>\n<p><strong>V\u00e4n\u00f6<\/strong> on luonnonkaunis saari Kemi\u00f6nsaaren ulkosaaristossa, jossa yhdistyv\u00e4t ainutlaatuinen saaristoluonto ja perinteinen kalastajakyl\u00e4n tunnelma. Saaren sile\u00e4t kalliot, luontopolut, hiekkaranta ja vehre\u00e4t niityt kutsuvat kiireett\u00f6m\u00e4\u00e4n luonnosta nauttimiseen. Kanervanummet, laiduntavat lampaat ja vanha merenkulkijakappeli kertovat saariston pitk\u00e4st\u00e4 historiasta ja el\u00e4v\u00e4st\u00e4 kulttuurista.<\/p>\n<p>Saaressa on ymp\u00e4rivuotisesti vain noin 10 asukasta, mutta kes\u00e4isin V\u00e4n\u00f6 her\u00e4\u00e4 eloon, kun vapaa-ajanviett\u00e4j\u00e4t ja saaristoluonnon ihailijat saapuvat nauttimaan saaren ainutlaatuisesta tunnelmasta. V\u00e4n\u00f6n saaristoon kuuluu noin 150 pienemp\u00e4\u00e4 saarta, joista moni toimii kes\u00e4kotina.<\/p>\n<p>Vaikka kes\u00e4 on saaren vilkkainta aikaa, my\u00f6s talven rauha on vertaansa vailla \u2013 saaristomaisema tarjoaa upean pakopaikan arjen kiireist\u00e4 kaikkina vuodenaikoina.<\/p>\n<p>Lis\u00e4tietoa V\u00e4n\u00f6st\u00e4, saariyhdistys <strong>V\u00e4n\u00f6 V\u00e4nner ry<\/strong>:n toiminnasta ja saaren tapahtumista l\u00f6yd\u00e4t t\u00e4lt\u00e4 verkkosivuilta. Tervetuloa kokemaan aito ulkosaaristo!<\/p>\n<p>&nbsp;<\/p>\n<p>[\/et_pb_text][\/et_pb_column][\/et_pb_row][et_pb_row column_structure=&#8221;1_2,1_2&#8243; use_custom_gutter=&#8221;on&#8221; disabled_on=&#8221;on|on|off&#8221; _builder_version=&#8221;4.27.2&#8243; _module_preset=&#8221;default&#8221; background_color=&#8221;gcid-primary-color&#8221; width=&#8221;100%&#8221; max_width=&#8221;2560px&#8221; custom_padding=&#8221;14px||6px|||&#8221; border_width_all=&#8221;10px&#8221; border_color_all=&#8221;#FFFFFF&#8221; global_colors_info=&#8221;{%22gcid-primary-color%22:%91%22background_color%22%93}&#8221;][et_pb_column type=&#8221;1_2&#8243; _builder_version=&#8221;4.27.2&#8243; _module_preset=&#8221;default&#8221; global_colors_info=&#8221;{}&#8221;][et_pb_button button_url=&#8221;https:\/\/vano.fi\/fi\/majoitus\/&#8221; button_text=&#8221;Varaa majoitus&#8221; button_alignment=&#8221;right&#8221; _builder_version=&#8221;4.27.4&#8243; _module_preset=&#8221;default&#8221; custom_button=&#8221;on&#8221; button_text_color=&#8221;#FFFFFF&#8221; button_use_icon=&#8221;off&#8221; custom_margin=&#8221;||10px|||&#8221; hover_enabled=&#8221;0&#8243; global_colors_info=&#8221;{%22gcid-secondary-color%22:%91%22button_bg_color__hover%22%93}&#8221; button_bg_color__hover_enabled=&#8221;on|hover&#8221; button_bg_color__hover=&#8221;#1c1c1c&#8221; button_bg_enable_color__hover=&#8221;on&#8221; transform_translate_linked=&#8221;off&#8221; sticky_enabled=&#8221;0&#8243;][\/et_pb_button][\/et_pb_column][et_pb_column type=&#8221;1_2&#8243; _builder_version=&#8221;4.27.2&#8243; _module_preset=&#8221;default&#8221; global_colors_info=&#8221;{}&#8221;][et_pb_button button_url=&#8221;https:\/\/vano.fi\/fi\/yhteysalus\/&#8221; button_text=&#8221;Lauttaliikenne&#8221; _builder_version=&#8221;4.27.4&#8243; _module_preset=&#8221;default&#8221; custom_button=&#8221;on&#8221; button_bg_color=&#8221;#FFFFFF&#8221; button_border_width=&#8221;2px&#8221; button_border_color=&#8221;#FFFFFF&#8221; button_use_icon=&#8221;off&#8221; transform_translate_linked=&#8221;off&#8221; hover_enabled=&#8221;0&#8243; global_colors_info=&#8221;{%22gcid-primary-color%22:%91%22button_bg_color__hover%22%93}&#8221; button_bg_color__hover_enabled=&#8221;on|hover&#8221; button_bg_color__hover=&#8221;#7d1019&#8243; button_bg_enable_color__hover=&#8221;on&#8221; button_text_color__hover_enabled=&#8221;on|hover&#8221; button_text_color__hover=&#8221;#FFFFFF&#8221; sticky_enabled=&#8221;0&#8243;][\/et_pb_button][\/et_pb_column][\/et_pb_row][et_pb_row use_custom_gutter=&#8221;on&#8221; disabled_on=&#8221;off|off|on&#8221; _builder_version=&#8221;4.27.2&#8243; _module_preset=&#8221;default&#8221; background_enable_color=&#8221;off&#8221; width=&#8221;100%&#8221; max_width=&#8221;2560px&#8221; custom_padding=&#8221;14px||6px|||&#8221; border_width_all=&#8221;10px&#8221; border_color_all=&#8221;#FFFFFF&#8221; global_colors_info=&#8221;{%22gcid-primary-color%22:%91%22background_color%22%93}&#8221;][et_pb_column type=&#8221;4_4&#8243; _builder_version=&#8221;4.27.2&#8243; _module_preset=&#8221;default&#8221; global_colors_info=&#8221;{}&#8221;][et_pb_button button_url=&#8221;https:\/\/vano.fi\/fi\/majoitus\/&#8221; button_text=&#8221;Varaa majoitus&#8221; button_alignment=&#8221;center&#8221; _builder_version=&#8221;4.27.4&#8243; _module_preset=&#8221;default&#8221; custom_margin=&#8221;||10px|||&#8221; global_colors_info=&#8221;{%22gcid-secondary-color%22:%91%22button_bg_color__hover%22%93}&#8221; button_bg_color__hover_enabled=&#8221;on|hover&#8221; button_bg_color__hover=&#8221;#1c1c1c&#8221; button_bg_enable_color__hover=&#8221;on&#8221;][\/et_pb_button][et_pb_button button_url=&#8221;https:\/\/vano.fi\/fi\/yhteysalus\/&#8221; button_text=&#8221;Lauttaliikenne&#8221; button_alignment=&#8221;center&#8221; _builder_version=&#8221;4.27.4&#8243; _module_preset=&#8221;default&#8221; global_colors_info=&#8221;{%22gcid-primary-color%22:%91%22button_bg_color__hover%22%93}&#8221; button_bg_color__hover_enabled=&#8221;on|hover&#8221; button_bg_color__hover=&#8221;#7d1019&#8243; button_bg_enable_color__hover=&#8221;on&#8221; button_text_color__hover_enabled=&#8221;on|hover&#8221; button_text_color__hover=&#8221;#FFFFFF&#8221;][\/et_pb_button][\/et_pb_column][\/et_pb_row][et_pb_row column_structure=&#8221;1_3,1_3,1_3&#8243; use_custom_gutter=&#8221;on&#8221; _builder_version=&#8221;4.27.3&#8243; _module_preset=&#8221;default&#8221; width=&#8221;95%&#8221; max_width=&#8221;2560px&#8221; custom_margin=&#8221;25px|auto||auto||&#8221; custom_padding=&#8221;0px|||||&#8221; border_width_all=&#8221;10px&#8221; border_color_all=&#8221;#FFFFFF&#8221; global_colors_info=&#8221;{}&#8221;][et_pb_column type=&#8221;1_3&#8243; _builder_version=&#8221;4.27.2&#8243; _module_preset=&#8221;default&#8221; background_color=&#8221;#FFFFFF&#8221; box_shadow_style=&#8221;preset2&#8243; box_shadow_horizontal=&#8221;5px&#8221; box_shadow_spread=&#8221;-7px&#8221; global_colors_info=&#8221;{}&#8221;][et_pb_image src=&#8221;https:\/\/vano.fi\/wp-content\/uploads\/2024\/10\/DSCF2098.jpg&#8221; title_text=&#8221;DSCF2098&#8243; _builder_version=&#8221;4.27.2&#8243; _module_preset=&#8221;default&#8221; custom_margin=&#8221;||20px|||&#8221; global_colors_info=&#8221;{}&#8221;][\/et_pb_image][et_pb_text _builder_version=&#8221;4.27.2&#8243; _module_preset=&#8221;default&#8221; text_orientation=&#8221;center&#8221; custom_margin=&#8221;||17px|||&#8221; global_colors_info=&#8221;{}&#8221;]<\/p>\n<p>Kulttuuria ja el\u00e4myksi\u00e4 V\u00e4n\u00f6ll\u00e4<\/p>\n<p>[\/et_pb_text][et_pb_button button_url=&#8221;@ET-DC@eyJkeW5hbWljIjp0cnVlLCJjb250ZW50IjoicG9zdF9saW5rX3VybF9wYWdlIiwic2V0dGluZ3MiOnsicG9zdF9pZCI6IjIwOCJ9fQ==@&#8221; button_text=&#8221;Lue lis\u00e4\u00e4&#8221; button_alignment=&#8221;center&#8221; _builder_version=&#8221;4.27.3&#8243; _dynamic_attributes=&#8221;button_url&#8221; _module_preset=&#8221;default&#8221; custom_margin=&#8221;||23px||false|false&#8221; global_colors_info=&#8221;{}&#8221;][\/et_pb_button][\/et_pb_column][et_pb_column type=&#8221;1_3&#8243; _builder_version=&#8221;4.24.3&#8243; _module_preset=&#8221;default&#8221; box_shadow_style=&#8221;preset2&#8243; box_shadow_horizontal=&#8221;5px&#8221; box_shadow_spread=&#8221;-7px&#8221; global_colors_info=&#8221;{}&#8221;][et_pb_image src=&#8221;https:\/\/vano.fi\/wp-content\/uploads\/2024\/10\/IMG_4717-scaled-1.jpg&#8221; title_text=&#8221;IMG_4717-scaled-1&#8243; _builder_version=&#8221;4.27.2&#8243; _module_preset=&#8221;default&#8221; custom_margin=&#8221;||20px|||&#8221; global_colors_info=&#8221;{}&#8221;][\/et_pb_image][et_pb_text _builder_version=&#8221;4.27.3&#8243; _module_preset=&#8221;default&#8221; text_orientation=&#8221;center&#8221; custom_margin=&#8221;||17px|||&#8221; global_colors_info=&#8221;{}&#8221;]<\/p>\n<p>Tutustu V\u00e4n\u00f6n palveluihin<\/p>\n<p>[\/et_pb_text][et_pb_button button_url=&#8221;@ET-DC@eyJkeW5hbWljIjp0cnVlLCJjb250ZW50IjoicG9zdF9saW5rX3VybF9wYWdlIiwic2V0dGluZ3MiOnsicG9zdF9pZCI6Ijk1In19@&#8221; button_text=&#8221;Lue lis\u00e4\u00e4&#8221; button_alignment=&#8221;center&#8221; _builder_version=&#8221;4.27.3&#8243; _dynamic_attributes=&#8221;button_url&#8221; _module_preset=&#8221;default&#8221; custom_margin=&#8221;||23px||false|false&#8221; global_colors_info=&#8221;{}&#8221;][\/et_pb_button][\/et_pb_column][et_pb_column type=&#8221;1_3&#8243; _builder_version=&#8221;4.24.3&#8243; _module_preset=&#8221;default&#8221; box_shadow_style=&#8221;preset2&#8243; box_shadow_horizontal=&#8221;5px&#8221; box_shadow_spread=&#8221;-7px&#8221; global_colors_info=&#8221;{}&#8221;][et_pb_image src=&#8221;https:\/\/vano.fi\/wp-content\/uploads\/2024\/10\/Vanon-luonto.jpg&#8221; title_text=&#8221;Va\u0308no\u0308n luonto&#8221; _builder_version=&#8221;4.27.2&#8243; _module_preset=&#8221;default&#8221; custom_margin=&#8221;||20px|||&#8221; global_colors_info=&#8221;{}&#8221;][\/et_pb_image][et_pb_text _builder_version=&#8221;4.27.2&#8243; _module_preset=&#8221;default&#8221; text_orientation=&#8221;center&#8221; custom_margin=&#8221;||17px|||&#8221; global_colors_info=&#8221;{}&#8221;]<\/p>\n<p>Koe saaren monipuolinen luonto<\/p>\n<p>[\/et_pb_text][et_pb_button button_url=&#8221;@ET-DC@eyJkeW5hbWljIjp0cnVlLCJjb250ZW50IjoicG9zdF9saW5rX3VybF9wYWdlIiwic2V0dGluZ3MiOnsicG9zdF9pZCI6IjE2NSJ9fQ==@&#8221; button_text=&#8221;Lue lis\u00e4\u00e4&#8221; button_alignment=&#8221;center&#8221; _builder_version=&#8221;4.27.3&#8243; _dynamic_attributes=&#8221;button_url&#8221; _module_preset=&#8221;default&#8221; custom_margin=&#8221;||23px||false|false&#8221; global_colors_info=&#8221;{}&#8221;][\/et_pb_button][\/et_pb_column][\/et_pb_row][\/et_pb_section]<\/p>\n","protected":false},"excerpt":{"rendered":"<p>Tervetuloa V\u00e4n\u00f6n saarelle!Kuva: Manu SundV\u00e4n\u00f6 on luonnonkaunis saari Kemi\u00f6nsaaren ulkosaaristossa, jossa yhdistyv\u00e4t ainutlaatuinen saaristoluonto ja perinteinen kalastajakyl\u00e4n tunnelma. Saaren sile\u00e4t kalliot, luontopolut, hiekkaranta ja vehre\u00e4t niityt kutsuvat kiireett\u00f6m\u00e4\u00e4n luonnosta nauttimiseen. [&hellip;]<\/p>\n","protected":false},"author":1,"featured_media":0,"parent":0,"menu_order":0,"comment_status":"closed","ping_status":"closed","template":"","meta":{"_et_pb_use_builder":"on","_et_pb_old_content":"","_et_gb_content_width":"","footnotes":""},"class_list":["post-18","page","type-page","status-publish","hentry"],"_links":{"self":[{"href":"https:\/\/vano.fi\/fi\/wp-json\/wp\/v2\/pages\/18","targetHints":{"allow":["GET"]}}],"collection":[{"href":"https:\/\/vano.fi\/fi\/wp-json\/wp\/v2\/pages"}],"about":[{"href":"https:\/\/vano.fi\/fi\/wp-json\/wp\/v2\/types\/page"}],"author":[{"embeddable":true,"href":"https:\/\/vano.fi\/fi\/wp-json\/wp\/v2\/users\/1"}],"replies":[{"embeddable":true,"href":"https:\/\/vano.fi\/fi\/wp-json\/wp\/v2\/comments?post=18"}],"version-history":[{"count":38,"href":"https:\/\/vano.fi\/fi\/wp-json\/wp\/v2\/pages\/18\/revisions"}],"predecessor-version":[{"id":393,"href":"https:\/\/vano.fi\/fi\/wp-json\/wp\/v2\/pages\/18\/revisions\/393"}],"wp:attachment":[{"href":"https:\/\/vano.fi\/fi\/wp-json\/wp\/v2\/media?parent=18"}],"curies":[{"name":"wp","href":"https:\/\/api.w.org\/{rel}","templated":true}]}}