{"id":91,"date":"2024-10-17T12:33:50","date_gmt":"2024-10-17T12:33:50","guid":{"rendered":"https:\/\/vano.fi\/?page_id=91"},"modified":"2025-10-18T17:02:34","modified_gmt":"2025-10-18T15:02:34","slug":"vano-vanner","status":"publish","type":"page","link":"http:\/\/vano.fi\/sv\/vano-vanner\/","title":{"rendered":"V\u00e4n\u00f6 V\u00e4nner"},"content":{"rendered":"<p>[et_pb_section fb_built=&#8221;1&#8243; _builder_version=&#8221;4.27.3&#8243; _module_preset=&#8221;default&#8221; background_image=&#8221;https:\/\/vano.fi\/wp-content\/uploads\/2024\/12\/Vano-kulturhus.jpg&#8221; parallax=&#8221;on&#8221; custom_padding=&#8221;0px||0px|||&#8221; global_colors_info=&#8221;{}&#8221;][et_pb_row _builder_version=&#8221;4.27.2&#8243; _module_preset=&#8221;default&#8221; background_color=&#8221;#FFFFFF&#8221; width=&#8221;84.4%&#8221; custom_padding=&#8221;73px|54px|73px|54px|true|true&#8221; global_colors_info=&#8221;{}&#8221;][et_pb_column type=&#8221;4_4&#8243; _builder_version=&#8221;4.27.2&#8243; _module_preset=&#8221;default&#8221; global_colors_info=&#8221;{}&#8221;][et_pb_text _builder_version=&#8221;4.27.2&#8243; _module_preset=&#8221;default&#8221; header_font_size=&#8221;50px&#8221; width=&#8221;100%&#8221; custom_padding=&#8221;|0px||||&#8221; global_colors_info=&#8221;{}&#8221;]<\/p>\n<h1><span><b>V\u00e4n\u00f6 V\u00e4nner<\/b><\/span><\/h1>\n<p>[\/et_pb_text][et_pb_text _builder_version=&#8221;4.27.2&#8243; _module_preset=&#8221;default&#8221; custom_margin=&#8221;25px|||||&#8221; global_colors_info=&#8221;{}&#8221;]<\/p>\n<p>V\u00e4n\u00f6 V\u00e4nner ry on vuonna 1992\u00a0rekister\u00f6ity yhdistys,\u00a0johon kuuluu noin 270 j\u00e4sent\u00e4. Kaikki ovat tervetulleita yhdistykseen, jonka p\u00e4\u00e4m\u00e4\u00e4r\u00e4n\u00e4 on lis\u00e4t\u00e4 ymp\u00e4rivuotisten ja osa-aikaisten asukkaiden\u00a0yhteistoimintaa\u00a0ja viihtymist\u00e4 V\u00e4n\u00f6ll\u00e4.\u00a0Lis\u00e4ksi yhdistyksen t\u00e4rke\u00e4n\u00e4 tavoitteena on\u00a0edist\u00e4\u00e4 V\u00e4n\u00f6n kultturellista ja taloudellista kehityst\u00e4.<\/p>\n<p>Yhdistys yll\u00e4pit\u00e4\u00e4 kulttuuritaloa ja luontopolkuja,\u00a0j\u00e4rjest\u00e4\u00e4 kes\u00e4tapahtumia, purjehduskoulun lapsille,\u00a0yhdistysmatkoja sek\u00e4 tarjoaa mahdollisuuden kansainv\u00e4liseen vapaaehtoisty\u00f6h\u00f6n. V\u00e4n\u00f6 V\u00e4nner on is\u00e4nn\u00f6inyt useita eurooppalaisia nuoria EU:n Youth in Action ja my\u00f6hemmin Solidarity corps-ohjelmien kautta.\u00a0<\/p>\n<p>Hallitukseen kuuluvat:<\/p>\n<ul>\n<li>Eelin Hoffstr\u00f6m-\u00c7a\u011f\u0131ran, puheenjohtaja<\/li>\n<li>Martin Bj\u00f6rnstr\u00f6m, varapuheenjohtaja<\/li>\n<li>Pirjo Hoffstr\u00f6m, sihteeri<\/li>\n<li><span>Marika Modig, rahastonhoitaja<\/span><\/li>\n<li>\u00d6mer \u00c7a\u011f\u0131ran, j\u00e4sen<\/li>\n<li>Anna Antsalo, j\u00e4sen<\/li>\n<li><span>Henrik Stenb\u00e4ck<\/span>, j\u00e4sen<\/li>\n<li>Bettina Stenb\u00e4ck, j\u00e4sen<\/li>\n<\/ul>\n<p>Seuraa meit\u00e4 Facebookissa klikkaamalla ylh\u00e4\u00e4ll\u00e4 olevaan Facebook logoa. Meill\u00e4 on my\u00f6s<span>\u00a0<\/span><a href=\"http:\/\/vanovanner.blogspot.com\/\" target=\"_blank\" rel=\"noopener\">blogi<\/a>.<\/p>\n<p>Julkaisemme 1-2 kertaa vuodessa j\u00e4sentiedotteen nimelt\u00e4<span>\u00a0<\/span><a href=\"https:\/\/vano.fi\/Site\/Data\/784\/Files\/Allehanda%2006%202023.pdf\" target=\"_blank\" rel=\"noopener\">V\u00e4n\u00f6n Kaikenlainen<\/a><a href=\"https:\/\/www.vano.fi\/Site\/Data\/784\/Files\/Vaenoe%20allehanda%2005%202022(1).pdf\" target=\"_blank\" rel=\"noopener\"><span>\u00a0<\/span><\/a>(V\u00e4n\u00f6 Allehanda). <a href=\"https:\/\/vano.fi\/wp-content\/uploads\/2025\/06\/Vano-Allehanda-juni-2025.pdf\">-&gt; V\u00e4n\u00f6 Allehanda \/ V\u00e4n\u00f6 Kaikenlainen 06\/2025.<\/a><\/p>\n<p><strong>Haluatko liitty\u00e4 j\u00e4seneksi?<\/strong><span>\u00a0<\/span>Ota hallitukseen yhteytt\u00e4 FB:n kautta tai sitten voit yksinkertaisesti vain maksaa j\u00e4senmaksun. Aikuiset 15 euroa\u00a0(&gt;18 v) ja lapset 7,50 euroa (\u226418 v) tilinumeroon:<\/p>\n<p>IBAN: FI64 2446 1800 1241 21<br \/>BIC\/SWIFT: NDEAFIHH<\/p>\n<p>HUOM!<span>\u00a0<\/span><strong>Viestin\u00e4<\/strong><span>\u00a0<\/span>KAIKKIEN j\u00e4senten<span>\u00a0<\/span><strong>nimet, syntym\u00e4vuodet sek\u00e4 kotiosoite ja s\u00e4hk\u00f6postiosoite<\/strong><\/p>\n<p>[\/et_pb_text][\/et_pb_column][\/et_pb_row][\/et_pb_section]<\/p>\n","protected":false},"excerpt":{"rendered":"<p>V\u00e4n\u00f6 V\u00e4nnerV\u00e4n\u00f6 V\u00e4nner ry on vuonna 1992\u00a0rekister\u00f6ity yhdistys,\u00a0johon kuuluu noin 270 j\u00e4sent\u00e4. Kaikki ovat tervetulleita yhdistykseen, jonka p\u00e4\u00e4m\u00e4\u00e4r\u00e4n\u00e4 on lis\u00e4t\u00e4 ymp\u00e4rivuotisten ja osa-aikaisten asukkaiden\u00a0yhteistoimintaa\u00a0ja viihtymist\u00e4 V\u00e4n\u00f6ll\u00e4.\u00a0Lis\u00e4ksi yhdistyksen t\u00e4rke\u00e4n\u00e4 tavoitteena on\u00a0edist\u00e4\u00e4 [&hellip;]<\/p>\n","protected":false},"author":1,"featured_media":0,"parent":0,"menu_order":0,"comment_status":"closed","ping_status":"closed","template":"","meta":{"_et_pb_use_builder":"on","_et_pb_old_content":"","_et_gb_content_width":"","footnotes":""},"class_list":["post-91","page","type-page","status-publish","hentry"],"_links":{"self":[{"href":"http:\/\/vano.fi\/sv\/wp-json\/wp\/v2\/pages\/91","targetHints":{"allow":["GET"]}}],"collection":[{"href":"http:\/\/vano.fi\/sv\/wp-json\/wp\/v2\/pages"}],"about":[{"href":"http:\/\/vano.fi\/sv\/wp-json\/wp\/v2\/types\/page"}],"author":[{"embeddable":true,"href":"http:\/\/vano.fi\/sv\/wp-json\/wp\/v2\/users\/1"}],"replies":[{"embeddable":true,"href":"http:\/\/vano.fi\/sv\/wp-json\/wp\/v2\/comments?post=91"}],"version-history":[{"count":10,"href":"http:\/\/vano.fi\/sv\/wp-json\/wp\/v2\/pages\/91\/revisions"}],"predecessor-version":[{"id":396,"href":"http:\/\/vano.fi\/sv\/wp-json\/wp\/v2\/pages\/91\/revisions\/396"}],"wp:attachment":[{"href":"http:\/\/vano.fi\/sv\/wp-json\/wp\/v2\/media?parent=91"}],"curies":[{"name":"wp","href":"https:\/\/api.w.org\/{rel}","templated":true}]}}