{"id":165,"date":"2025-03-17T10:10:47","date_gmt":"2025-03-17T10:10:47","guid":{"rendered":"https:\/\/vano.fi\/?page_id=165"},"modified":"2025-06-02T20:35:32","modified_gmt":"2025-06-02T18:35:32","slug":"vanon-luonto-2","status":"publish","type":"page","link":"http:\/\/vano.fi\/sv\/vanon-luonto-2\/","title":{"rendered":"V\u00e4n\u00f6n luonto"},"content":{"rendered":"<p>[et_pb_section fb_built=&#8221;1&#8243; _builder_version=&#8221;4.27.2&#8243; _module_preset=&#8221;default&#8221; background_image=&#8221;https:\/\/vano.fi\/wp-content\/uploads\/2024\/10\/Vano_Jimmy-Traskelin-1.jpg&#8221; parallax=&#8221;on&#8221; custom_padding=&#8221;0px||0px|||&#8221; border_width_all=&#8221;10px&#8221; border_color_all=&#8221;#FFFFFF&#8221; border_width_top=&#8221;0px&#8221; border_width_bottom=&#8221;0px&#8221; global_colors_info=&#8221;{}&#8221;][et_pb_row custom_padding_last_edited=&#8221;on|phone&#8221; _builder_version=&#8221;4.27.2&#8243; _module_preset=&#8221;default&#8221; background_color=&#8221;#FFFFFF&#8221; width=&#8221;65%&#8221; width_tablet=&#8221;100%&#8221; width_phone=&#8221;100%&#8221; width_last_edited=&#8221;on|tablet&#8221; custom_padding=&#8221;42px|54px|42px|54px|true|true&#8221; custom_padding_tablet=&#8221;0px|33px|40px|33px|false|true&#8221; custom_padding_phone=&#8221;0px|33px|40px|33px|false|true&#8221; global_colors_info=&#8221;{}&#8221;][et_pb_column type=&#8221;4_4&#8243; _builder_version=&#8221;4.27.2&#8243; _module_preset=&#8221;default&#8221; global_colors_info=&#8221;{}&#8221;][et_pb_image src=&#8221;https:\/\/vano.fi\/wp-content\/uploads\/2025\/03\/Spegling.jpg&#8221; title_text=&#8221;Spegling&#8221; _builder_version=&#8221;4.27.3&#8243; _module_preset=&#8221;default&#8221; global_colors_info=&#8221;{}&#8221;][\/et_pb_image][et_pb_text _builder_version=&#8221;4.27.3&#8243; _module_preset=&#8221;default&#8221; custom_margin=&#8221;24px|||||&#8221; custom_padding=&#8221;||17px|||&#8221; global_colors_info=&#8221;{}&#8221;]<\/p>\n<h1>V\u00e4n\u00f6n ulkosaaren luonto \u2013 rauhaa ja el\u00e4myksi\u00e4 ymp\u00e4ri vuoden<\/h1>\n<p>V\u00e4n\u00f6n karunkaunis ulkosaaristo tarjoaa luonnonyst\u00e4v\u00e4lle ainutlaatuisen el\u00e4myksen. Saarella kulkee kaksi viitoitettua k\u00e4velyreitti\u00e4, jotka johdattavat kulkijan l\u00e4pi monimuotoisen saaristoluonnon ja rikkaan kulttuurihistorian.<\/p>\n<p>Pohjoisrannan luontopolku (2,5 km) kulkee vaihtelevien maisemien halki ja sen varrella olevat infotaulut kertovat saaren luonnosta ja historiasta. Reitin varrella p\u00e4\u00e4set ihastelemaan sadunomaisia lehtimetsi\u00e4, joissa tervalep\u00e4t ja saniaiset luovat vehre\u00e4n tunnelman. Harmaat silokalliot kertovat tarinaa ajasta, jolloin kivimassa suli ja sekoittui vulkaanisen toiminnan my\u00f6t\u00e4. J\u00e4\u00e4kauden j\u00e4ljet, kuten mannerj\u00e4\u00e4n uurtamat viivat, aaltojen sile\u00e4ksi hiomat kalliot, suuret siirtolohkareet ja muinaisrannat eli pirunpellot \u2013 kertovat alueen ainutlaatuisesta geologiasta.<\/p>\n<p>Toinen reitti vie saaren merenkulkijakappelin suuntaan, kulkien lammashakojen ohi. Kappelin ymp\u00e4rill\u00e4 avautuu kanervanummi ja sen l\u00e4hell\u00e4 kaunis hiekkaranta. Kappelinniemen k\u00e4rki on suosittu lintujen lev\u00e4hdyspaikka, ja alueella liikuttaessa on hyv\u00e4 olla varovainen, jotta herkk\u00e4 pesim\u00e4alue s\u00e4ilyy rauhallisena. T\u00e4\u00e4ll\u00e4 voit my\u00f6s n\u00e4hd\u00e4, kuinka Salpausselk\u00e4 III -harju nousee merenpohjasta pinnalle.<\/p>\n<p>V\u00e4n\u00f6n luonto on monimuotoinen ja sen linnusto on erityisen rikas. Luontopolulla kulkiessa saattaa kohdata hirven. Saariston ainutlaatuinen ymp\u00e4rist\u00f6 tarjoaa my\u00f6s perhos- ja hy\u00f6nteistutkijoille mahdollisuuden l\u00f6yt\u00e4\u00e4 harvinaisia lajeja. Lis\u00e4ksi V\u00e4n\u00f6lt\u00e4 l\u00f6ytyy harvinainen misteli, joka on Suomessa poikkeuksellinen puoliloinen ja kasvaa vain tietyill\u00e4 paikoilla.<\/p>\n<p>V\u00e4n\u00f6n saaristoon kuuluu noin 150 pienemp\u00e4\u00e4 ja suurempaa saarta, jotka muodostavat kiehtovan maiseman niin luonnonyst\u00e4ville kuin melojille. Meloen voit kulkea saarten v\u00e4listen labyrinttien l\u00e4pi ja suunnata uloimmille saarille, joissa avautuu It\u00e4meren loputon horisontti. \u00c4l\u00e4 h\u00e4mm\u00e4sty, jos saat matkallesi hylkeen seuraksesi \u2013 n\u00e4m\u00e4 uteliaat merinis\u00e4kk\u00e4\u00e4t seuraavat usein melojia turvallisen v\u00e4limatkan p\u00e4\u00e4st\u00e4.<\/p>\n<p>[\/et_pb_text][et_pb_image src=&#8221;https:\/\/vano.fi\/wp-content\/uploads\/2025\/03\/Hiekkaranta-Manu-Sund.jpg&#8221; title_text=&#8221;Hiekkaranta Manu Sund&#8221; _builder_version=&#8221;4.27.3&#8243; _module_preset=&#8221;default&#8221; global_colors_info=&#8221;{}&#8221; custom_margin=&#8221;||1px|||&#8221;][\/et_pb_image][et_pb_text _builder_version=&#8221;4.27.4&#8243; _module_preset=&#8221;default&#8221; text_orientation=&#8221;right&#8221; text_font_size=&#8221;10px&#8221; hover_enabled=&#8221;0&#8243; sticky_enabled=&#8221;0&#8243;]<\/p>\n<p>Kuva: Manu Sund<\/p>\n<p>[\/et_pb_text][et_pb_text _builder_version=&#8221;4.27.3&#8243; _module_preset=&#8221;default&#8221; custom_padding=&#8221;0px|||||&#8221; global_colors_info=&#8221;{}&#8221;]<\/p>\n<h3>V\u00e4n\u00f6 kutsuu rauhoittumaan ymp\u00e4ri vuoden<\/h3>\n<p>Kes\u00e4kauden ulkopuolella V\u00e4n\u00f6 tarjoaa t\u00e4ydellisen pakopaikan arjen kiireist\u00e4. Lintujen muutto syksyisin tuo saarelle tuhansittain muuttajia, ja erityisesti kev\u00e4inen muuttohuuma on unohtumaton el\u00e4mys, kun saariston yll\u00e4 kaikuu haahkojen huudot ja lintujen konsertti.<\/p>\n<p>Talvella V\u00e4n\u00f6ll\u00e4 vallitsee hiljaisuus ja rauha, jonka voi kokea vain ulkosaaristossa. Pakkanen koristaa rantakalliot j\u00e4\u00e4kiteill\u00e4, ja auringonlaskut heijastuvat merenpintaan h\u00e4ik\u00e4isev\u00e4n kauniina. Yksi talven suurimmista el\u00e4myksist\u00e4 on t\u00e4htitaivas, jota voi ihailla ilman valosaastetta \u2013 t\u00e4\u00e4lt\u00e4 n\u00e4et kirkkaana niin Linnunradan kuin revontuletkin.<\/p>\n<p>Kev\u00e4\u00e4ll\u00e4 saariston her\u00e4\u00e4minen eloon on maagista: j\u00e4iden l\u00e4ht\u00f6, meren voima, muuttolintujen paluu ja ensimm\u00e4iset vihre\u00e4t versot tekev\u00e4t V\u00e4n\u00f6n kev\u00e4\u00e4st\u00e4 el\u00e4myksen, joka j\u00e4\u00e4 mieleen pitk\u00e4ksi aikaa.<br \/>V\u00e4n\u00f6 odottaa sinua \u2013 tule ja koe saariston kauneus kaikkina vuodenaikoina!<\/p>\n<p>[\/et_pb_text][\/et_pb_column][\/et_pb_row][\/et_pb_section]<\/p>\n","protected":false},"excerpt":{"rendered":"<p>V\u00e4n\u00f6n ulkosaaren luonto \u2013 rauhaa ja el\u00e4myksi\u00e4 ymp\u00e4ri vuoden V\u00e4n\u00f6n karunkaunis ulkosaaristo tarjoaa luonnonyst\u00e4v\u00e4lle ainutlaatuisen el\u00e4myksen. Saarella kulkee kaksi viitoitettua k\u00e4velyreitti\u00e4, jotka johdattavat kulkijan l\u00e4pi monimuotoisen saaristoluonnon ja rikkaan kulttuurihistorian. [&hellip;]<\/p>\n","protected":false},"author":1,"featured_media":0,"parent":0,"menu_order":0,"comment_status":"closed","ping_status":"closed","template":"","meta":{"_et_pb_use_builder":"on","_et_pb_old_content":"","_et_gb_content_width":"","footnotes":""},"class_list":["post-165","page","type-page","status-publish","hentry"],"_links":{"self":[{"href":"http:\/\/vano.fi\/sv\/wp-json\/wp\/v2\/pages\/165","targetHints":{"allow":["GET"]}}],"collection":[{"href":"http:\/\/vano.fi\/sv\/wp-json\/wp\/v2\/pages"}],"about":[{"href":"http:\/\/vano.fi\/sv\/wp-json\/wp\/v2\/types\/page"}],"author":[{"embeddable":true,"href":"http:\/\/vano.fi\/sv\/wp-json\/wp\/v2\/users\/1"}],"replies":[{"embeddable":true,"href":"http:\/\/vano.fi\/sv\/wp-json\/wp\/v2\/comments?post=165"}],"version-history":[{"count":6,"href":"http:\/\/vano.fi\/sv\/wp-json\/wp\/v2\/pages\/165\/revisions"}],"predecessor-version":[{"id":300,"href":"http:\/\/vano.fi\/sv\/wp-json\/wp\/v2\/pages\/165\/revisions\/300"}],"wp:attachment":[{"href":"http:\/\/vano.fi\/sv\/wp-json\/wp\/v2\/media?parent=165"}],"curies":[{"name":"wp","href":"https:\/\/api.w.org\/{rel}","templated":true}]}}