{"id":95,"date":"2024-10-17T12:49:21","date_gmt":"2024-10-17T12:49:21","guid":{"rendered":"https:\/\/vano.fi\/?page_id=95"},"modified":"2026-02-06T17:48:57","modified_gmt":"2026-02-06T15:48:57","slug":"palvelut","status":"publish","type":"page","link":"http:\/\/vano.fi\/fi\/palvelut\/","title":{"rendered":"Palvelut"},"content":{"rendered":"<p>[et_pb_section fb_built=&#8221;1&#8243; _builder_version=&#8221;4.27.2&#8243; _module_preset=&#8221;default&#8221; background_image=&#8221;https:\/\/vano.fi\/wp-content\/uploads\/2024\/10\/Vano_Jimmy-Traskelin-4.jpg&#8221; parallax=&#8221;on&#8221; custom_padding=&#8221;0px||0px|||&#8221; border_width_all=&#8221;10px&#8221; border_color_all=&#8221;#FFFFFF&#8221; border_width_top=&#8221;0px&#8221; border_width_bottom=&#8221;0px&#8221; global_colors_info=&#8221;{}&#8221;][et_pb_row custom_padding_last_edited=&#8221;on|phone&#8221; _builder_version=&#8221;4.27.2&#8243; _module_preset=&#8221;default&#8221; background_color=&#8221;#FFFFFF&#8221; width=&#8221;47%&#8221; width_tablet=&#8221;100%&#8221; width_phone=&#8221;100%&#8221; width_last_edited=&#8221;on|phone&#8221; custom_padding=&#8221;38px|38px|38px|38px|true|true&#8221; custom_padding_tablet=&#8221;0px|30px||30px|false|true&#8221; custom_padding_phone=&#8221;|10px||10px|false|true&#8221; global_colors_info=&#8221;{}&#8221;][et_pb_column type=&#8221;4_4&#8243; _builder_version=&#8221;4.27.2&#8243; _module_preset=&#8221;default&#8221; global_colors_info=&#8221;{}&#8221;][et_pb_image src=&#8221;https:\/\/vano.fi\/wp-content\/uploads\/2024\/10\/Vano_Jimmy-Traskelin-4.jpg&#8221; title_text=&#8221;Va\u0308no\u0308_Jimmy Tra\u0308skelin 4&#8243; disabled_on=&#8221;off|off|on&#8221; _builder_version=&#8221;4.27.2&#8243; _module_preset=&#8221;default&#8221; global_colors_info=&#8221;{}&#8221;][\/et_pb_image][et_pb_text _builder_version=&#8221;4.27.2&#8243; _module_preset=&#8221;default&#8221; header_font_size=&#8221;50px&#8221; global_colors_info=&#8221;{}&#8221;]<\/p>\n<h1><span><b>Palvelut, tilat, yritykset<\/b><\/span><\/h1>\n<p>[\/et_pb_text][et_pb_text _builder_version=&#8221;4.27.3&#8243; _module_preset=&#8221;default&#8221; custom_margin=&#8221;25px|||||&#8221; global_colors_info=&#8221;{}&#8221;]<\/p>\n<p><strong>Kahvila ja kauppa &#8221;Strandhugget&#8221;:<\/strong>\u00a0Avoinna juhannuksesta elokuun puoleen v\u00e4liin. Kotona leivotut kahvileiv\u00e4t, makeaa ja suolaista. Ryhm\u00e4ruokailut tilauksesta. A-oikeudet. Catering.\u00a0Lis\u00e4tietoja saa numerosta:\u00a0+358 (0) 40 9615985<\/p>\n<p><strong>Satama: <\/strong>vedenotto, s\u00e4hk\u00f6, Pid\u00e4 saaristo siistin\u00e4: j\u00e4teastiat ja huussi. Lis\u00e4tietoja ja yhteystiedot <a href=\"https:\/\/www.vanodelagarlag.fi\/vano-hamn\/\" target=\"_blank\" rel=\"noopener\">t\u00e4\u00e4ll\u00e4<\/a>.<\/p>\n<p><strong>Kulttuuritalo:\u00a0<\/strong>Varattavissa juhliin, kokouksiin, kursseihin ym. Pingis, kangaspuut ja pelej\u00e4, taiden\u00e4yttely. Haluatko j\u00e4rjest\u00e4\u00e4 omat juhlasi tai tapahtumasi kulttuuritalolla? Varaa tila helposti <a href=\"https:\/\/lokaal.fi\/sok\/view-198158-59\">t\u00e4st\u00e4<\/a>.<\/p>\n<p><strong>Kappeli:\u00a0<\/strong>V\u00e4n\u00f6n kappelia voi varata h\u00e4ihin ja muihin kirkollisiin tilauksuuksiin, puh. 040-5509312 (Petra Gripenberg)<\/p>\n<p><strong>Sauna:\u00a0<\/strong>Yksityinen rantasauna sijaitsee V\u00e4sterbyss\u00e4 n. 1 km satamasta. Saunaa saa varata numerosta\u00a0+358 (0) 400522275, my\u00f6s kes\u00e4kauden ulkopuolella silloin, kun is\u00e4nt\u00e4v\u00e4ki on kotona.<\/p>\n<p><b>Villalanka:\u00a0<\/b>V\u00e4n\u00f6n lampaiden lankaa voi ostaa verkosta <a href=\"https:\/\/www.vanoull.fi\/\">www.vanoull.fi<\/a> tai Kasn\u00e4sin k\u00e4sity\u00f6puodista (avoinna p\u00e4ivitt\u00e4in klo 10-18 kes\u00e4ll\u00e4).<\/p>\n<p><strong>Luontopolku, frisbeegolf ja geok\u00e4tk\u00f6t:<\/strong> Kysy lis\u00e4\u00e4, <a href=\"mailto:vanovanner1992@gmail.com\">V\u00e4n\u00f6 V\u00e4nner<\/a><\/p>\n<p>[\/et_pb_text][\/et_pb_column][\/et_pb_row][\/et_pb_section]<\/p>\n","protected":false},"excerpt":{"rendered":"<p>Palvelut, tilat, yrityksetKahvila ja kauppa &#8221;Strandhugget&#8221;:\u00a0Avoinna juhannuksesta elokuun puoleen v\u00e4liin. Kotona leivotut kahvileiv\u00e4t, makeaa ja suolaista. Ryhm\u00e4ruokailut tilauksesta. A-oikeudet. Catering.\u00a0Lis\u00e4tietoja saa numerosta:\u00a0+358 (0) 40 9615985 Satama: vedenotto, s\u00e4hk\u00f6, Pid\u00e4 saaristo [&hellip;]<\/p>\n","protected":false},"author":1,"featured_media":0,"parent":0,"menu_order":0,"comment_status":"closed","ping_status":"closed","template":"","meta":{"_et_pb_use_builder":"on","_et_pb_old_content":"","_et_gb_content_width":"","footnotes":""},"class_list":["post-95","page","type-page","status-publish","hentry"],"_links":{"self":[{"href":"http:\/\/vano.fi\/fi\/wp-json\/wp\/v2\/pages\/95","targetHints":{"allow":["GET"]}}],"collection":[{"href":"http:\/\/vano.fi\/fi\/wp-json\/wp\/v2\/pages"}],"about":[{"href":"http:\/\/vano.fi\/fi\/wp-json\/wp\/v2\/types\/page"}],"author":[{"embeddable":true,"href":"http:\/\/vano.fi\/fi\/wp-json\/wp\/v2\/users\/1"}],"replies":[{"embeddable":true,"href":"http:\/\/vano.fi\/fi\/wp-json\/wp\/v2\/comments?post=95"}],"version-history":[{"count":11,"href":"http:\/\/vano.fi\/fi\/wp-json\/wp\/v2\/pages\/95\/revisions"}],"predecessor-version":[{"id":430,"href":"http:\/\/vano.fi\/fi\/wp-json\/wp\/v2\/pages\/95\/revisions\/430"}],"wp:attachment":[{"href":"http:\/\/vano.fi\/fi\/wp-json\/wp\/v2\/media?parent=95"}],"curies":[{"name":"wp","href":"https:\/\/api.w.org\/{rel}","templated":true}]}}