{"id":64,"date":"2024-10-17T09:20:58","date_gmt":"2024-10-17T09:20:58","guid":{"rendered":"https:\/\/vano.fi\/?page_id=64"},"modified":"2024-10-18T08:52:11","modified_gmt":"2024-10-18T08:52:11","slug":"majoitus","status":"publish","type":"page","link":"http:\/\/vano.fi\/fi\/majoitus\/","title":{"rendered":"Majoitus"},"content":{"rendered":"<p>[et_pb_section fb_built=&#8221;1&#8243; _builder_version=&#8221;4.27.2&#8243; _module_preset=&#8221;default&#8221; background_image=&#8221;https:\/\/vano.fi\/wp-content\/uploads\/2024\/10\/Vano_Jimmy-Traskelin-2.jpg&#8221; parallax=&#8221;on&#8221; custom_padding=&#8221;0px||0px|||&#8221; border_width_all=&#8221;10px&#8221; border_color_all=&#8221;#FFFFFF&#8221; border_width_top=&#8221;0px&#8221; border_width_bottom=&#8221;0px&#8221; global_colors_info=&#8221;{}&#8221;][et_pb_row custom_padding_last_edited=&#8221;on|tablet&#8221; _builder_version=&#8221;4.27.2&#8243; _module_preset=&#8221;default&#8221; background_color=&#8221;#FFFFFF&#8221; width=&#8221;65%&#8221; width_tablet=&#8221;100%&#8221; width_phone=&#8221;100%&#8221; width_last_edited=&#8221;on|tablet&#8221; custom_padding=&#8221;73px|54px|6px|54px|false|true&#8221; custom_padding_tablet=&#8221;0px|22px||22px|false|true&#8221; custom_padding_phone=&#8221;0px|22px||22px|false|true&#8221; global_colors_info=&#8221;{}&#8221;][et_pb_column type=&#8221;4_4&#8243; _builder_version=&#8221;4.27.2&#8243; _module_preset=&#8221;default&#8221; global_colors_info=&#8221;{}&#8221;][et_pb_text _builder_version=&#8221;4.27.2&#8243; _module_preset=&#8221;default&#8221; header_font_size=&#8221;50px&#8221; global_colors_info=&#8221;{}&#8221;]<\/p>\n<h1><span><b>Majoitu V\u00e4n\u00f6ll\u00e4<\/b><\/span><\/h1>\n<p>[\/et_pb_text][et_pb_text _builder_version=&#8221;4.27.2&#8243; _module_preset=&#8221;default&#8221; custom_margin=&#8221;25px|||||&#8221; global_colors_info=&#8221;{}&#8221;]<\/p>\n<p>V\u00e4n\u00f6ll\u00e4 on tarjolla m\u00f6kkimajoitusta: Strandhugget sataman l\u00e4heisyydess\u00e4 sek\u00e4 Stens ja Solbacken saaren l\u00e4nsirannan tuntumassa. Varaa mielell\u00e4\u00e4n etuk\u00e4teen. Alla olevista linkeist\u00e4 p\u00e4\u00e4see varausj\u00e4rjestelm\u00e4\u00e4n, josta n\u00e4kee milloin on vapaata ja voi my\u00f6s varata samalla. Strandhugget ei t\u00e4ll\u00e4 hetkell\u00e4 n\u00e4y online j\u00e4rjestelm\u00e4ss\u00e4. Varaustilannetta voi kysy\u00e4 Saaristovaraukselta.<\/p>\n<p>Lis\u00e4tiedot:<\/p>\n<p><strong>Suomen Saaristovaraus<\/strong><br \/>\u00a0+358(0)40 542 7831<br \/>info@suomensaaristovaraus.fi<br \/><a href=\"http:\/\/www.suomensaaristovaraus.fi\/\" target=\"_blank\" rel=\"noopener\">www.saaristovaraus.fi<\/a><\/p>\n<p>[\/et_pb_text][\/et_pb_column][\/et_pb_row][et_pb_row column_structure=&#8221;1_2,1_2&#8243; custom_padding_last_edited=&#8221;on|tablet&#8221; _builder_version=&#8221;4.27.2&#8243; _module_preset=&#8221;default&#8221; background_color=&#8221;#FFFFFF&#8221; width=&#8221;65%&#8221; width_tablet=&#8221;100%&#8221; width_phone=&#8221;100%&#8221; width_last_edited=&#8221;on|tablet&#8221; custom_padding=&#8221;32px|54px|9px|54px|false|true&#8221; custom_padding_tablet=&#8221;|21px||21px|false|true&#8221; custom_padding_phone=&#8221;|21px||21px|false|true&#8221; global_colors_info=&#8221;{}&#8221;][et_pb_column type=&#8221;1_2&#8243; _builder_version=&#8221;4.27.2&#8243; _module_preset=&#8221;default&#8221; global_colors_info=&#8221;{}&#8221;][et_pb_image src=&#8221;https:\/\/vano.fi\/wp-content\/uploads\/2024\/10\/Stens1.jpg&#8221; title_text=&#8221;Stens(1)&#8221; _builder_version=&#8221;4.27.2&#8243; _module_preset=&#8221;default&#8221; global_colors_info=&#8221;{}&#8221; custom_margin=&#8221;||22px|||&#8221;][\/et_pb_image][et_pb_button button_url=&#8221;https:\/\/saaristovaraus.bookingonline.fi\/stable\/tuote.jsp?id=32980&#038;tuoteIx=3&#038;tuote_myyja_yritys=35518&#038;teema_id=2215&#038;aliteemaId=2222&#8243; url_new_window=&#8221;on&#8221; button_text=&#8221;Stens 1&#8243; button_alignment=&#8221;center&#8221; disabled_on=&#8221;off|off|on&#8221; _builder_version=&#8221;4.27.2&#8243; _module_preset=&#8221;default&#8221; global_colors_info=&#8221;{}&#8221; custom_margin=&#8221;||13px|||&#8221;][\/et_pb_button][et_pb_button button_url=&#8221;https:\/\/saaristovaraus.bookingonline.fi\/stable\/tuote.jsp?id=35250&#038;tuoteIx=4&#038;tuote_myyja_yritys=35518&#038;teema_id=2215&#038;aliteemaId=2222&#8243; url_new_window=&#8221;on&#8221; button_text=&#8221;Stens 2&#8243; button_alignment=&#8221;center&#8221; disabled_on=&#8221;off|off|on&#8221; _builder_version=&#8221;4.27.2&#8243; _module_preset=&#8221;default&#8221; global_colors_info=&#8221;{}&#8221;][\/et_pb_button][\/et_pb_column][et_pb_column type=&#8221;1_2&#8243; _builder_version=&#8221;4.27.2&#8243; _module_preset=&#8221;default&#8221; global_colors_info=&#8221;{}&#8221;][et_pb_image src=&#8221;https:\/\/vano.fi\/wp-content\/uploads\/2024\/10\/solbacken.jpg&#8221; title_text=&#8221;solbacken&#8221; _builder_version=&#8221;4.27.2&#8243; _module_preset=&#8221;default&#8221; global_colors_info=&#8221;{}&#8221; custom_margin=&#8221;||24px|||&#8221;][\/et_pb_image][et_pb_button button_url=&#8221;https:\/\/saaristovaraus.bookingonline.fi\/stable\/tuote.jsp?id=32979&#038;tuoteIx=2&#038;tuote_myyja_yritys=35518&#038;teema_id=2215&#038;aliteemaId=2222&#8243; url_new_window=&#8221;on&#8221; button_text=&#8221;Solbacken&#8221; button_alignment=&#8221;center&#8221; disabled_on=&#8221;off|off|on&#8221; _builder_version=&#8221;4.27.2&#8243; _module_preset=&#8221;default&#8221; global_colors_info=&#8221;{}&#8221; custom_margin=&#8221;||13px|||&#8221;][\/et_pb_button][\/et_pb_column][\/et_pb_row][et_pb_row column_structure=&#8221;1_4,1_4,1_2&#8243; disabled_on=&#8221;on|on|off&#8221; _builder_version=&#8221;4.27.2&#8243; _module_preset=&#8221;default&#8221; background_color=&#8221;#FFFFFF&#8221; width=&#8221;65%&#8221; width_tablet=&#8221;65%&#8221; width_phone=&#8221;65%&#8221; width_last_edited=&#8221;on|tablet&#8221; custom_padding=&#8221;13px|54px|43px|54px|false|true&#8221; global_colors_info=&#8221;{}&#8221;][et_pb_column type=&#8221;1_4&#8243; _builder_version=&#8221;4.27.2&#8243; _module_preset=&#8221;default&#8221; global_colors_info=&#8221;{}&#8221;][et_pb_button button_url=&#8221;https:\/\/saaristovaraus.bookingonline.fi\/stable\/tuote.jsp?id=32980&#038;tuoteIx=3&#038;tuote_myyja_yritys=35518&#038;teema_id=2215&#038;aliteemaId=2222&#8243; url_new_window=&#8221;on&#8221; button_text=&#8221;Stens 1&#8243; button_alignment=&#8221;right&#8221; _builder_version=&#8221;4.27.2&#8243; _module_preset=&#8221;default&#8221; global_colors_info=&#8221;{}&#8221;][\/et_pb_button][\/et_pb_column][et_pb_column type=&#8221;1_4&#8243; _builder_version=&#8221;4.27.2&#8243; _module_preset=&#8221;default&#8221; global_colors_info=&#8221;{}&#8221;][et_pb_button button_url=&#8221;https:\/\/saaristovaraus.bookingonline.fi\/stable\/tuote.jsp?id=35250&#038;tuoteIx=4&#038;tuote_myyja_yritys=35518&#038;teema_id=2215&#038;aliteemaId=2222&#8243; url_new_window=&#8221;on&#8221; button_text=&#8221;Stens 2&#8243; _builder_version=&#8221;4.27.2&#8243; _module_preset=&#8221;default&#8221; global_colors_info=&#8221;{}&#8221;][\/et_pb_button][\/et_pb_column][et_pb_column type=&#8221;1_2&#8243; _builder_version=&#8221;4.27.2&#8243; _module_preset=&#8221;default&#8221; global_colors_info=&#8221;{}&#8221;][et_pb_button button_url=&#8221;https:\/\/saaristovaraus.bookingonline.fi\/stable\/tuote.jsp?id=32979&#038;tuoteIx=2&#038;tuote_myyja_yritys=35518&#038;teema_id=2215&#038;aliteemaId=2222&#8243; url_new_window=&#8221;on&#8221; button_text=&#8221;Solbacken&#8221; button_alignment=&#8221;center&#8221; _builder_version=&#8221;4.27.2&#8243; _module_preset=&#8221;default&#8221; global_colors_info=&#8221;{}&#8221;][\/et_pb_button][\/et_pb_column][\/et_pb_row][\/et_pb_section]<\/p>\n","protected":false},"excerpt":{"rendered":"<p>Majoitu V\u00e4n\u00f6ll\u00e4V\u00e4n\u00f6ll\u00e4 on tarjolla m\u00f6kkimajoitusta: Strandhugget sataman l\u00e4heisyydess\u00e4 sek\u00e4 Stens ja Solbacken saaren l\u00e4nsirannan tuntumassa. Varaa mielell\u00e4\u00e4n etuk\u00e4teen. Alla olevista linkeist\u00e4 p\u00e4\u00e4see varausj\u00e4rjestelm\u00e4\u00e4n, josta n\u00e4kee milloin on vapaata ja voi [&hellip;]<\/p>\n","protected":false},"author":1,"featured_media":0,"parent":0,"menu_order":0,"comment_status":"closed","ping_status":"closed","template":"","meta":{"_et_pb_use_builder":"on","_et_pb_old_content":"","_et_gb_content_width":"","footnotes":""},"class_list":["post-64","page","type-page","status-publish","hentry"],"_links":{"self":[{"href":"http:\/\/vano.fi\/fi\/wp-json\/wp\/v2\/pages\/64","targetHints":{"allow":["GET"]}}],"collection":[{"href":"http:\/\/vano.fi\/fi\/wp-json\/wp\/v2\/pages"}],"about":[{"href":"http:\/\/vano.fi\/fi\/wp-json\/wp\/v2\/types\/page"}],"author":[{"embeddable":true,"href":"http:\/\/vano.fi\/fi\/wp-json\/wp\/v2\/users\/1"}],"replies":[{"embeddable":true,"href":"http:\/\/vano.fi\/fi\/wp-json\/wp\/v2\/comments?post=64"}],"version-history":[{"count":7,"href":"http:\/\/vano.fi\/fi\/wp-json\/wp\/v2\/pages\/64\/revisions"}],"predecessor-version":[{"id":130,"href":"http:\/\/vano.fi\/fi\/wp-json\/wp\/v2\/pages\/64\/revisions\/130"}],"wp:attachment":[{"href":"http:\/\/vano.fi\/fi\/wp-json\/wp\/v2\/media?parent=64"}],"curies":[{"name":"wp","href":"https:\/\/api.w.org\/{rel}","templated":true}]}}