{"id":56,"date":"2024-10-17T08:19:38","date_gmt":"2024-10-17T08:19:38","guid":{"rendered":"https:\/\/vano.fi\/?page_id=56"},"modified":"2026-03-22T16:30:14","modified_gmt":"2026-03-22T14:30:14","slug":"yhteysalus","status":"publish","type":"page","link":"http:\/\/vano.fi\/fi\/yhteysalus\/","title":{"rendered":"Saapuminen"},"content":{"rendered":"<p>[et_pb_section fb_built=&#8221;1&#8243; _builder_version=&#8221;4.27.2&#8243; _module_preset=&#8221;default&#8221; background_image=&#8221;https:\/\/vano.fi\/wp-content\/uploads\/2024\/10\/Vano_Jimmy-Traskelin-1.jpg&#8221; parallax=&#8221;on&#8221; custom_padding=&#8221;0px||0px|||&#8221; border_width_all=&#8221;10px&#8221; border_color_all=&#8221;#FFFFFF&#8221; border_width_top=&#8221;0px&#8221; border_width_bottom=&#8221;0px&#8221; global_colors_info=&#8221;{}&#8221;][et_pb_row custom_padding_last_edited=&#8221;on|phone&#8221; _builder_version=&#8221;4.27.2&#8243; _module_preset=&#8221;default&#8221; background_color=&#8221;#FFFFFF&#8221; width=&#8221;65%&#8221; width_tablet=&#8221;100%&#8221; width_phone=&#8221;100%&#8221; width_last_edited=&#8221;on|tablet&#8221; custom_padding=&#8221;73px|54px|73px|54px|true|true&#8221; custom_padding_tablet=&#8221;0px|33px|40px|33px|false|true&#8221; custom_padding_phone=&#8221;0px|33px|40px|33px|false|true&#8221; global_colors_info=&#8221;{}&#8221;][et_pb_column type=&#8221;4_4&#8243; _builder_version=&#8221;4.27.2&#8243; _module_preset=&#8221;default&#8221; global_colors_info=&#8221;{}&#8221;][et_pb_text _builder_version=&#8221;4.27.2&#8243; _module_preset=&#8221;default&#8221; header_font_size=&#8221;50px&#8221; global_colors_info=&#8221;{}&#8221;]<\/p>\n<h1><span><b>Saapuminen V\u00e4n\u00f6lle<\/b><\/span><\/h1>\n<h2><strong>Lat. 59.87\u2019 Long. 22.19\u2019<\/strong><\/h2>\n<p>[\/et_pb_text][et_pb_code _builder_version=&#8221;4.27.2&#8243; _module_preset=&#8221;default&#8221; global_colors_info=&#8221;{}&#8221;]<iframe src=\"https:\/\/www.google.com\/maps\/embed?pb=!1m18!1m12!1m3!1d8011.135797310686!2d22.182736370392004!3d59.86933351763484!2m3!1f0!2f0!3f0!3m2!1i1024!2i768!4f13.1!3m3!1m2!1s0x468c94352563c0df%3A0x2600b5523c1c14f1!2zVsOkbsO2!5e0!3m2!1sfi!2sfi!4v1729153017465!5m2!1sfi!2sfi\" width=\"600\" height=\"450\" style=\"border:0;\" allowfullscreen=\"\" loading=\"lazy\" referrerpolicy=\"no-referrer-when-downgrade\"><\/iframe>[\/et_pb_code][et_pb_text _builder_version=&#8221;4.27.2&#8243; _module_preset=&#8221;default&#8221; custom_margin=&#8221;25px|||||&#8221; global_colors_info=&#8221;{}&#8221;]<\/p>\n<h3><span><b>Yhteysalus M\/S Jurmo<\/b><\/span><\/h3>\n<p><strong>Yhteysalus Kasn\u00e4sista<\/strong><br \/>Kaksi kertaa p\u00e4ivitt\u00e4in (paitsi perjantaisin: 3 kertaa, lauantaisin: ei kertaakaan, sunnuntaisin: kerran).<br \/>Autoille on tilaa aluksella. Autopaikka varattava etuk\u00e4teen. Yhteysalus on maksuton.<\/p>\n<p>[\/et_pb_text][et_pb_button button_url=&#8221;https:\/\/www.finferries.fi\/media\/aikataulut-2026\/hiittisten-reittialue-1.1.-30.5.2026-ja-10.8.-31.12.2026.pdf&#8221; url_new_window=&#8221;on&#8221; button_text=&#8221;Yhteysaluksen aikataulu&#8221; _builder_version=&#8221;4.27.4&#8243; _module_preset=&#8221;default&#8221; custom_margin=&#8221;||31px|||&#8221; hover_enabled=&#8221;0&#8243; global_colors_info=&#8221;{}&#8221; sticky_enabled=&#8221;0&#8243;][\/et_pb_button][et_pb_text _builder_version=&#8221;4.27.2&#8243; _module_preset=&#8221;default&#8221; global_colors_info=&#8221;{}&#8221;]<\/p>\n<h3>Taksivene<\/h3>\n<p>Kasn\u00e4s taksib\u00e5t Roger Granlund\u00a0<br \/>+358400824806<\/p>\n<p>[\/et_pb_text][\/et_pb_column][\/et_pb_row][\/et_pb_section]<\/p>\n","protected":false},"excerpt":{"rendered":"<p>Saapuminen V\u00e4n\u00f6lle Lat. 59.87\u2019 Long. 22.19\u2019Yhteysalus M\/S Jurmo Yhteysalus Kasn\u00e4sistaKaksi kertaa p\u00e4ivitt\u00e4in (paitsi perjantaisin: 3 kertaa, lauantaisin: ei kertaakaan, sunnuntaisin: kerran).Autoille on tilaa aluksella. Autopaikka varattava etuk\u00e4teen. Yhteysalus on maksuton.Taksivene [&hellip;]<\/p>\n","protected":false},"author":1,"featured_media":0,"parent":0,"menu_order":0,"comment_status":"closed","ping_status":"closed","template":"","meta":{"_et_pb_use_builder":"on","_et_pb_old_content":"","_et_gb_content_width":"","footnotes":""},"class_list":["post-56","page","type-page","status-publish","hentry"],"_links":{"self":[{"href":"http:\/\/vano.fi\/fi\/wp-json\/wp\/v2\/pages\/56","targetHints":{"allow":["GET"]}}],"collection":[{"href":"http:\/\/vano.fi\/fi\/wp-json\/wp\/v2\/pages"}],"about":[{"href":"http:\/\/vano.fi\/fi\/wp-json\/wp\/v2\/types\/page"}],"author":[{"embeddable":true,"href":"http:\/\/vano.fi\/fi\/wp-json\/wp\/v2\/users\/1"}],"replies":[{"embeddable":true,"href":"http:\/\/vano.fi\/fi\/wp-json\/wp\/v2\/comments?post=56"}],"version-history":[{"count":14,"href":"http:\/\/vano.fi\/fi\/wp-json\/wp\/v2\/pages\/56\/revisions"}],"predecessor-version":[{"id":431,"href":"http:\/\/vano.fi\/fi\/wp-json\/wp\/v2\/pages\/56\/revisions\/431"}],"wp:attachment":[{"href":"http:\/\/vano.fi\/fi\/wp-json\/wp\/v2\/media?parent=56"}],"curies":[{"name":"wp","href":"https:\/\/api.w.org\/{rel}","templated":true}]}}